{"id":1927,"date":"2021-08-27T13:32:57","date_gmt":"2021-08-27T13:32:57","guid":{"rendered":"https:\/\/tropicosimaginados.com\/?page_id=1927"},"modified":"2021-08-31T11:08:26","modified_gmt":"2021-08-31T11:08:26","slug":"acerca-de-este-proyecto","status":"publish","type":"page","link":"https:\/\/tropicosimaginados.com\/index.php\/acerca-de-este-proyecto\/","title":{"rendered":"Acerca de este Proyecto"},"content":{"rendered":"\t\t<div data-elementor-type=\"wp-page\" data-elementor-id=\"1927\" class=\"elementor elementor-1927\" data-elementor-post-type=\"page\">\n\t\t\t\t\t\t<section class=\"elementor-section elementor-top-section elementor-element elementor-element-4b41008 elementor-section-height-min-height elementor-section-boxed elementor-section-height-default elementor-section-items-middle\" data-id=\"4b41008\" data-element_type=\"section\" data-e-type=\"section\">\n\t\t\t\t\t\t<div class=\"elementor-container elementor-column-gap-default\">\n\t\t\t\t\t<div class=\"elementor-column elementor-col-100 elementor-top-column elementor-element elementor-element-9fdbe68\" data-id=\"9fdbe68\" data-element_type=\"column\" data-e-type=\"column\">\n\t\t\t<div class=\"elementor-widget-wrap elementor-element-populated\">\n\t\t\t\t\t\t<div class=\"elementor-element elementor-element-9141e58 elementor-widget elementor-widget-heading\" data-id=\"9141e58\" data-element_type=\"widget\" data-e-type=\"widget\" data-widget_type=\"heading.default\">\n\t\t\t\t<div class=\"elementor-widget-container\">\n\t\t\t\t\t<h2 class=\"elementor-heading-title elementor-size-default\">Tr\u00f3picos Imaginados<\/h2>\t\t\t\t<\/div>\n\t\t\t\t<\/div>\n\t\t\t\t<div class=\"elementor-element elementor-element-aa71829 elementor-widget elementor-widget-heading\" data-id=\"aa71829\" data-element_type=\"widget\" data-e-type=\"widget\" data-widget_type=\"heading.default\">\n\t\t\t\t<div class=\"elementor-widget-container\">\n\t\t\t\t\t<h1 class=\"elementor-heading-title elementor-size-default\">erudici\u00f3n religiosa e im\u00e1genes en el<\/br>\nImperio portugu\u00e9s de la Edad Moderna<\/h1>\t\t\t\t<\/div>\n\t\t\t\t<\/div>\n\t\t\t\t<section class=\"elementor-section elementor-inner-section elementor-element elementor-element-72a3002 elementor-section-boxed elementor-section-height-default elementor-section-height-default\" data-id=\"72a3002\" data-element_type=\"section\" data-e-type=\"section\" data-settings=\"{&quot;background_background&quot;:&quot;classic&quot;}\">\n\t\t\t\t\t\t<div class=\"elementor-container elementor-column-gap-default\">\n\t\t\t\t\t<div class=\"elementor-column elementor-col-100 elementor-inner-column elementor-element elementor-element-112a8e1\" data-id=\"112a8e1\" data-element_type=\"column\" data-e-type=\"column\">\n\t\t\t<div class=\"elementor-widget-wrap elementor-element-populated\">\n\t\t\t\t\t\t<div class=\"elementor-element elementor-element-a818b5d elementor-widget elementor-widget-text-editor\" data-id=\"a818b5d\" data-element_type=\"widget\" data-e-type=\"widget\" data-widget_type=\"text-editor.default\">\n\t\t\t\t<div class=\"elementor-widget-container\">\n\t\t\t\t\t\t\t\t\t<p><em>Tr\u00f3picos imaginados: erudici\u00f3n religiosa e im\u00e1genes del Imperio portugu\u00e9s en la Edad Moderna<\/em> pone a disposici\u00f3n de investigadores, estudiantes y p\u00fablico en general un banco de im\u00e1genes en el que se recoge, en copia digital, un amplio n\u00famero de grabados y dibujos que, presentes en obras elaboradas por cl\u00e9rigos y religiosos entre los siglos XVI y XVIII, est\u00e1n directamente relacionados con la presencia portuguesa en los espacios del \u00cdndico y del Atl\u00e1ntico.<\/p><p>Se pretende as\u00ed contribuir al estudio de la cultura visual del clero altomoderno y al modo en el que, mediante el recurso a im\u00e1genes y otros elementos ic\u00f3nicos, sus miembros imaginaron y trataron de representar distintas realidades del Imperio luso durante los siglos XVI a XVIII. M\u00e1s all\u00e1 de las funciones adoctrinadoras y devotas que pod\u00eda asumir, el lenguaje visual fue abundantemente empleado por los miembros del clero en los espacios coloniales como instrumento comunicativo a la hora de articular y difundir contenidos de otra \u00edndole, tanto pol\u00edtica, como relativos a los saberes naturales (geogr\u00e1ficos, bot\u00e1nicos, etnogr\u00e1ficos, etc.) que elaboraron.<\/p><p>Sobre la base, en un primer momento, del repositorio de textos <a href=\"https:\/\/www.ucm.es\/imperiosdepapel\/textos-y-religiosos-en-el-imperio-portugues-repositorio\"><em>Los religiosos y sus escritos en el Imperio portugu\u00e9s<\/em><\/a>, se ha explorado el contenido de un n\u00famero importante y variado de obras manuscritas e impresas, que incluye desde cr\u00f3nicas, cartas, relaciones de misi\u00f3n, sermones o catecismos a tratados pol\u00edticos, textos de historia natural, descripciones geogr\u00e1ficas o artes y vocabularios en lenguas nativas de Asia, \u00c1frica o Am\u00e9rica. Se ha procedido as\u00ed a identificar, describir y clasificar las im\u00e1genes que dichos textos recogen, considerando igualmente los grupos religiosos y los espacios geogr\u00e1ficos a los que hacen referencia, as\u00ed como la funci\u00f3n que desempe\u00f1an dentro del impreso o del manuscrito en el que est\u00e1n insertas.<\/p><p>Para la elaboraci\u00f3n del banco de im\u00e1genes, se ha recurrido a los repositorios de varias bibliotecas digitales ya existentes y de consulta p\u00fablica, como, entre otras, la Biblioteca Digital de la Biblioteca Nacional de Portugal, la Biblioteca Digital Hisp\u00e1nica (BNE), la Biblioteca Nacional do Brasil, Gallica (BNF), la colecci\u00f3n digital de la Bayerische Staatsbibliothek, la John Carter Brown Library (Brown University) o la Biblioteca Hist\u00f3rica Marqu\u00e9s de Valdecilla (UCM).<\/p><p>Lejos de tener un car\u00e1cter acabado y definitivo, el banco de im\u00e1genes est\u00e1 concebido como un instrumento en constante actualizaci\u00f3n, incorporando en todo momento nuevas obras e im\u00e1genes digitalizadas.<\/p><p>El banco de im\u00e1genes se inscribe en el marco del proyecto<span style=\"color: #800000;\"> <a style=\"color: #800000;\" href=\"https:\/\/www.ucm.es\/tropicosletrados\/\"><em>Tr\u00f3picos letrados: textos y pr\u00e1cticas eruditas del clero en los espacios del Imperio portugu\u00e9s de la Edad Moderna<\/em><\/a><\/span> (HAR2017-84627-P), financiado por el Ministerio de Ciencia e Innovaci\u00f3n (Espa\u00f1a).<\/p>\t\t\t\t\t\t\t\t<\/div>\n\t\t\t\t<\/div>\n\t\t\t\t\t<\/div>\n\t\t<\/div>\n\t\t\t\t\t<\/div>\n\t\t<\/section>\n\t\t\t\t<div class=\"elementor-element elementor-element-959c2ab elementor-align-center elementor-widget elementor-widget-button\" data-id=\"959c2ab\" data-element_type=\"widget\" data-e-type=\"widget\" data-widget_type=\"button.default\">\n\t\t\t\t<div class=\"elementor-widget-container\">\n\t\t\t\t\t\t\t\t\t<div class=\"elementor-button-wrapper\">\n\t\t\t\t\t<a class=\"elementor-button elementor-button-link elementor-size-sm\" href=\"https:\/\/tropicosimaginados.com\/index.php\/archivo-de-imagenes\/\">\n\t\t\t\t\t\t<span class=\"elementor-button-content-wrapper\">\n\t\t\t\t\t\t\t\t\t<span class=\"elementor-button-text\">ACCESO A ARCHIVO COMPLETO DE IM\u00c1GENES<\/span>\n\t\t\t\t\t<\/span>\n\t\t\t\t\t<\/a>\n\t\t\t\t<\/div>\n\t\t\t\t\t\t\t\t<\/div>\n\t\t\t\t<\/div>\n\t\t\t\t\t<\/div>\n\t\t<\/div>\n\t\t\t\t\t<\/div>\n\t\t<\/section>\n\t\t\t\t<section class=\"elementor-section elementor-top-section elementor-element elementor-element-fab8892 elementor-section-boxed elementor-section-height-default elementor-section-height-default\" data-id=\"fab8892\" data-element_type=\"section\" data-e-type=\"section\">\n\t\t\t\t\t\t<div class=\"elementor-container elementor-column-gap-default\">\n\t\t\t\t\t<div class=\"elementor-column elementor-col-100 elementor-top-column elementor-element elementor-element-c800c47\" data-id=\"c800c47\" data-element_type=\"column\" data-e-type=\"column\">\n\t\t\t<div class=\"elementor-widget-wrap elementor-element-populated\">\n\t\t\t\t\t\t<div class=\"elementor-element elementor-element-3a53755 elementor-widget elementor-widget-heading\" data-id=\"3a53755\" data-element_type=\"widget\" data-e-type=\"widget\" data-widget_type=\"heading.default\">\n\t\t\t\t<div class=\"elementor-widget-container\">\n\t\t\t\t\t<h2 class=\"elementor-heading-title elementor-size-default\">Compartir esta p\u00e1gina<\/h2>\t\t\t\t<\/div>\n\t\t\t\t<\/div>\n\t\t\t\t<div class=\"elementor-element elementor-element-c143ec4 elementor-share-buttons--view-icon-text elementor-share-buttons--skin-gradient elementor-share-buttons--shape-square elementor-grid-0 elementor-share-buttons--color-official elementor-widget elementor-widget-share-buttons\" data-id=\"c143ec4\" data-element_type=\"widget\" data-e-type=\"widget\" data-widget_type=\"share-buttons.default\">\n\t\t\t\t<div class=\"elementor-widget-container\">\n\t\t\t\t\t\t\t<div class=\"elementor-grid\" role=\"list\">\n\t\t\t\t\t\t\t\t<div class=\"elementor-grid-item\" role=\"listitem\">\n\t\t\t\t\t\t<div class=\"elementor-share-btn elementor-share-btn_facebook\" role=\"button\" tabindex=\"0\" aria-label=\"Compartir en facebook\">\n\t\t\t\t\t\t\t\t\t\t\t\t\t\t\t<span class=\"elementor-share-btn__icon\">\n\t\t\t\t\t\t\t\t<i class=\"fab fa-facebook\" aria-hidden=\"true\"><\/i>\t\t\t\t\t\t\t<\/span>\n\t\t\t\t\t\t\t\t\t\t\t\t\t\t\t\t\t\t\t\t\t\t<div class=\"elementor-share-btn__text\">\n\t\t\t\t\t\t\t\t\t\t\t\t\t\t\t\t\t\t\t<span class=\"elementor-share-btn__title\">\n\t\t\t\t\t\t\t\t\t\tFacebook\t\t\t\t\t\t\t\t\t<\/span>\n\t\t\t\t\t\t\t\t\t\t\t\t\t\t\t\t\t<\/div>\n\t\t\t\t\t\t\t\t\t\t\t\t\t<\/div>\n\t\t\t\t\t<\/div>\n\t\t\t\t\t\t\t\t\t<div class=\"elementor-grid-item\" role=\"listitem\">\n\t\t\t\t\t\t<div class=\"elementor-share-btn elementor-share-btn_twitter\" role=\"button\" tabindex=\"0\" aria-label=\"Compartir en twitter\">\n\t\t\t\t\t\t\t\t\t\t\t\t\t\t\t<span class=\"elementor-share-btn__icon\">\n\t\t\t\t\t\t\t\t<i class=\"fab fa-twitter\" aria-hidden=\"true\"><\/i>\t\t\t\t\t\t\t<\/span>\n\t\t\t\t\t\t\t\t\t\t\t\t\t\t\t\t\t\t\t\t\t\t<div class=\"elementor-share-btn__text\">\n\t\t\t\t\t\t\t\t\t\t\t\t\t\t\t\t\t\t\t<span class=\"elementor-share-btn__title\">\n\t\t\t\t\t\t\t\t\t\tTwitter\t\t\t\t\t\t\t\t\t<\/span>\n\t\t\t\t\t\t\t\t\t\t\t\t\t\t\t\t\t<\/div>\n\t\t\t\t\t\t\t\t\t\t\t\t\t<\/div>\n\t\t\t\t\t<\/div>\n\t\t\t\t\t\t\t\t\t<div class=\"elementor-grid-item\" role=\"listitem\">\n\t\t\t\t\t\t<div class=\"elementor-share-btn elementor-share-btn_linkedin\" role=\"button\" tabindex=\"0\" aria-label=\"Compartir en linkedin\">\n\t\t\t\t\t\t\t\t\t\t\t\t\t\t\t<span class=\"elementor-share-btn__icon\">\n\t\t\t\t\t\t\t\t<i class=\"fab fa-linkedin\" aria-hidden=\"true\"><\/i>\t\t\t\t\t\t\t<\/span>\n\t\t\t\t\t\t\t\t\t\t\t\t\t\t\t\t\t\t\t\t\t\t<div class=\"elementor-share-btn__text\">\n\t\t\t\t\t\t\t\t\t\t\t\t\t\t\t\t\t\t\t<span class=\"elementor-share-btn__title\">\n\t\t\t\t\t\t\t\t\t\tLinkedIn\t\t\t\t\t\t\t\t\t<\/span>\n\t\t\t\t\t\t\t\t\t\t\t\t\t\t\t\t\t<\/div>\n\t\t\t\t\t\t\t\t\t\t\t\t\t<\/div>\n\t\t\t\t\t<\/div>\n\t\t\t\t\t\t\t\t\t<div class=\"elementor-grid-item\" role=\"listitem\">\n\t\t\t\t\t\t<div class=\"elementor-share-btn elementor-share-btn_email\" role=\"button\" tabindex=\"0\" aria-label=\"Compartir en email\">\n\t\t\t\t\t\t\t\t\t\t\t\t\t\t\t<span class=\"elementor-share-btn__icon\">\n\t\t\t\t\t\t\t\t<i class=\"fas fa-envelope\" aria-hidden=\"true\"><\/i>\t\t\t\t\t\t\t<\/span>\n\t\t\t\t\t\t\t\t\t\t\t\t\t\t\t\t\t\t\t\t\t\t<div class=\"elementor-share-btn__text\">\n\t\t\t\t\t\t\t\t\t\t\t\t\t\t\t\t\t\t\t<span class=\"elementor-share-btn__title\">\n\t\t\t\t\t\t\t\t\t\tEmail\t\t\t\t\t\t\t\t\t<\/span>\n\t\t\t\t\t\t\t\t\t\t\t\t\t\t\t\t\t<\/div>\n\t\t\t\t\t\t\t\t\t\t\t\t\t<\/div>\n\t\t\t\t\t<\/div>\n\t\t\t\t\t\t<\/div>\n\t\t\t\t\t\t<\/div>\n\t\t\t\t<\/div>\n\t\t\t\t\t<\/div>\n\t\t<\/div>\n\t\t\t\t\t<\/div>\n\t\t<\/section>\n\t\t\t\t<\/div>\n\t\t","protected":false},"excerpt":{"rendered":"<p>Tr\u00f3picos Imaginados erudici\u00f3n religiosa e im\u00e1genes en el Imperio portugu\u00e9s de la Edad Moderna Tr\u00f3picos imaginados: erudici\u00f3n religiosa e im\u00e1genes del Imperio portugu\u00e9s en la Edad Moderna pone a disposici\u00f3n de investigadores, estudiantes y p\u00fablico en general un banco de im\u00e1genes en el que se recoge, en copia digital, un amplio n\u00famero de grabados y [&hellip;]<\/p>\n","protected":false},"author":3,"featured_media":0,"parent":0,"menu_order":0,"comment_status":"closed","ping_status":"closed","template":"","meta":{"_acf_changed":false,"footnotes":""},"class_list":["post-1927","page","type-page","status-publish","hentry"],"acf":[],"_links":{"self":[{"href":"https:\/\/tropicosimaginados.com\/index.php\/wp-json\/wp\/v2\/pages\/1927","targetHints":{"allow":["GET"]}}],"collection":[{"href":"https:\/\/tropicosimaginados.com\/index.php\/wp-json\/wp\/v2\/pages"}],"about":[{"href":"https:\/\/tropicosimaginados.com\/index.php\/wp-json\/wp\/v2\/types\/page"}],"author":[{"embeddable":true,"href":"https:\/\/tropicosimaginados.com\/index.php\/wp-json\/wp\/v2\/users\/3"}],"replies":[{"embeddable":true,"href":"https:\/\/tropicosimaginados.com\/index.php\/wp-json\/wp\/v2\/comments?post=1927"}],"version-history":[{"count":18,"href":"https:\/\/tropicosimaginados.com\/index.php\/wp-json\/wp\/v2\/pages\/1927\/revisions"}],"predecessor-version":[{"id":2037,"href":"https:\/\/tropicosimaginados.com\/index.php\/wp-json\/wp\/v2\/pages\/1927\/revisions\/2037"}],"wp:attachment":[{"href":"https:\/\/tropicosimaginados.com\/index.php\/wp-json\/wp\/v2\/media?parent=1927"}],"curies":[{"name":"wp","href":"https:\/\/api.w.org\/{rel}","templated":true}]}}